{"id":13,"date":"2015-12-14T10:18:21","date_gmt":"2015-12-14T10:18:21","guid":{"rendered":"http:\/\/www.optimedconsult.ro\/?page_id=13"},"modified":"2021-01-30T23:21:55","modified_gmt":"2021-01-30T21:21:55","slug":"home","status":"publish","type":"page","link":"http:\/\/www.optimedconsult.ro\/","title":{"rendered":"Prezentare"},"content":{"rendered":"<div>Optimed Consult este o optica medicala specializata in executarea de ochelari de vedere, de soare, consultatii pentru determinarea dioptriilor, accesorii si reparatii specifice.<\/div>\n<p>Garantam cele mai mici preturi si cele mai bune servicii. Aceasta pentru ca cel mai important pentru noi este ca dumneavoastra, clientii nostrii, sa fiti multumiti si sa aveti parte de produse de calitate care sa va fie de un real folos.<\/p>\n<p>Chiar daca nu aveti o reteta pentru ochelari, va puteti programa pentru o consultatie la cabinetul nostru. Medicul nostru va va sfatui ce fel de ochelari sunt potriviti pentru dumneavoastra: de vedere, de soare, cu lentile de sticla sau de plastic, monofocale, bifocale, progresive, cu antireflex, heliomate.<\/p>\n<p>Va oferim ochelari din aliaje metalice, ochelari din acril (rame din plastic cu insertie metalica), rame din titan flex, rame din titan pur (100%), rame metalice, rame pe fir, rame cu capse sau rame cu surub,\u00a0rame pentru orice tip de lentile.<\/p>\n<p>Lucram cu lentile de \u00eenalta calitate: lentile Rodenstok, Lentile Interoptik, lentile Zeiss , lentile Hoya, lentile Indo,\u00a0 lentile Essilor,\u00a0si va punem la dispozitie orice tip de lentile : lentile sferice cat si lentile sfero-cilindrice; lentile prismatice (lentile pentru strabism); lentile bifocale; lentile bifocale foto-cromice; lentile progresive, lentile progresive heliomate , lentile progresive foto-cromate ,lentile cu filtru de calculator, filtru PC , lentile pe care putem aplica tratamente ca: anti-reflexul,\u00a0lentile heliomate\u00a0, filtrul PC,\u00a0filtrul polarizat, color\u0103ri uni sau \u00een degrade,\u00a0progresive\u00a0si multe altele.<\/p>\n<p>Pentru cei care nu pot ajunge la noi, la optic\u0103, pentru a ridica produsele, v\u0103 putem trimite pachetul prin curier rapid at\u00e2t \u00een Iasi c\u00e2t \u0219i \u00een \u021bar\u0103.<\/p>\n<p>\u00a0<\/p>\n\n\n<p><\/p>\n","protected":false},"excerpt":{"rendered":"<p>Optimed Consult este o optica medicala specializata in executarea de ochelari de vedere, de soare, consultatii pentru determinarea dioptriilor, accesorii si reparatii specifice. Garantam cele mai mici preturi si cele mai bune servicii. Aceasta pentru ca cel mai important pentru noi este ca dumneavoastra, clientii nostrii, sa fiti multumiti si sa aveti parte de produse&#8230;<\/p>\n","protected":false},"author":1,"featured_media":0,"parent":0,"menu_order":1,"comment_status":"closed","ping_status":"closed","template":"","meta":{"footnotes":""},"class_list":["post-13","page","type-page","status-publish","hentry"],"_links":{"self":[{"href":"http:\/\/www.optimedconsult.ro\/index.php?rest_route=\/wp\/v2\/pages\/13","targetHints":{"allow":["GET"]}}],"collection":[{"href":"http:\/\/www.optimedconsult.ro\/index.php?rest_route=\/wp\/v2\/pages"}],"about":[{"href":"http:\/\/www.optimedconsult.ro\/index.php?rest_route=\/wp\/v2\/types\/page"}],"author":[{"embeddable":true,"href":"http:\/\/www.optimedconsult.ro\/index.php?rest_route=\/wp\/v2\/users\/1"}],"replies":[{"embeddable":true,"href":"http:\/\/www.optimedconsult.ro\/index.php?rest_route=%2Fwp%2Fv2%2Fcomments&post=13"}],"version-history":[{"count":8,"href":"http:\/\/www.optimedconsult.ro\/index.php?rest_route=\/wp\/v2\/pages\/13\/revisions"}],"predecessor-version":[{"id":96,"href":"http:\/\/www.optimedconsult.ro\/index.php?rest_route=\/wp\/v2\/pages\/13\/revisions\/96"}],"wp:attachment":[{"href":"http:\/\/www.optimedconsult.ro\/index.php?rest_route=%2Fwp%2Fv2%2Fmedia&parent=13"}],"curies":[{"name":"wp","href":"https:\/\/api.w.org\/{rel}","templated":true}]}}